{"id":407,"date":"2024-11-07T10:36:20","date_gmt":"2024-11-07T14:36:20","guid":{"rendered":"https:\/\/apothecaviva.love\/?post_type=product&#038;p=407"},"modified":"2025-06-17T15:40:42","modified_gmt":"2025-06-17T19:40:42","slug":"acerola-que-mola","status":"publish","type":"product","link":"https:\/\/apothecaviva.love\/index.php\/product\/acerola-que-mola\/","title":{"rendered":"Acerola que mola"},"content":{"rendered":"<p><strong>Extracci\u00f3n del alto contenido de Vitamina C proveniente de nuestras Acerolas. Preservado en una f\u00f3rmula entre componentes que colaboran en sinerg\u00eda para aportar diariamente a nuestro bienestar f\u00edsico. <\/strong><\/p>\n<p><strong>Ingredientes:<\/strong><\/p>\n<p><strong> Acerolas, C\u00farcuma, Pimienta negra, Cayenne, Miel local, Vinagre de Acerolas + ACV y Cane spirit. <\/strong><\/p>\n<p><strong>Agroforestal + Agroecol\u00f3gico <\/strong><\/p>\n","protected":false},"excerpt":{"rendered":"<p>Extracci\u00f3n del alto contenido de Vitamina C proveniente de nuestras Acerolas. Preservado en una f\u00f3rmula entre componentes que colaboran en sinerg\u00eda para aportar diariamente a nuestro bienestar f\u00edsico. Ingredientes: Acerolas, C\u00farcuma, Pimienta negra, Cayenne, Miel local, Vinagre de Acerolas + ACV y Cane spirit. Agroforestal + Agroecol\u00f3gico<\/p>\n","protected":false},"featured_media":418,"comment_status":"open","ping_status":"closed","template":"","meta":[],"product_brand":[],"product_cat":[15],"product_tag":[],"class_list":{"0":"post-407","1":"product","2":"type-product","3":"status-publish","4":"has-post-thumbnail","6":"product_cat-uncategorized","8":"first","9":"outofstock","10":"purchasable","11":"product-type-simple"},"jetpack_sharing_enabled":true,"_links":{"self":[{"href":"https:\/\/apothecaviva.love\/index.php\/wp-json\/wp\/v2\/product\/407","targetHints":{"allow":["GET"]}}],"collection":[{"href":"https:\/\/apothecaviva.love\/index.php\/wp-json\/wp\/v2\/product"}],"about":[{"href":"https:\/\/apothecaviva.love\/index.php\/wp-json\/wp\/v2\/types\/product"}],"replies":[{"embeddable":true,"href":"https:\/\/apothecaviva.love\/index.php\/wp-json\/wp\/v2\/comments?post=407"}],"wp:featuredmedia":[{"embeddable":true,"href":"https:\/\/apothecaviva.love\/index.php\/wp-json\/wp\/v2\/media\/418"}],"wp:attachment":[{"href":"https:\/\/apothecaviva.love\/index.php\/wp-json\/wp\/v2\/media?parent=407"}],"wp:term":[{"taxonomy":"product_brand","embeddable":true,"href":"https:\/\/apothecaviva.love\/index.php\/wp-json\/wp\/v2\/product_brand?post=407"},{"taxonomy":"product_cat","embeddable":true,"href":"https:\/\/apothecaviva.love\/index.php\/wp-json\/wp\/v2\/product_cat?post=407"},{"taxonomy":"product_tag","embeddable":true,"href":"https:\/\/apothecaviva.love\/index.php\/wp-json\/wp\/v2\/product_tag?post=407"}],"curies":[{"name":"wp","href":"https:\/\/api.w.org\/{rel}","templated":true}]}}