{"id":415,"date":"2024-11-07T11:02:36","date_gmt":"2024-11-07T15:02:36","guid":{"rendered":"https:\/\/apothecaviva.love\/?post_type=product&#038;p=415"},"modified":"2024-11-08T13:02:44","modified_gmt":"2024-11-08T17:02:44","slug":"alcoholadito","status":"publish","type":"product","link":"https:\/\/apothecaviva.love\/index.php\/product\/alcoholadito\/","title":{"rendered":"Alcoholadito"},"content":{"rendered":"<p><strong>Un Malagueta + Oregano brujo + Romero <\/strong><\/p>\n<p><strong>Alcoholadito ~ nuestra versi\u00f3n del alcoholado tradicional hecho por nuestras abuelas pero mucho m\u00e1s potente, concentrado y una de las razones por la cual decidimos envasarlo en una botellita peque\u00f1a de 2oz con atomizador aka \u201cmist\u201d. Tambi\u00e9n por la versatilidad de su uso y la comodidad de tenerlo accesible.<\/strong><\/p>\n<p><strong>Entre sus tradicionales y alegados beneficios en estudios publicados&#8230; (Consulte a su profesional de salud)<\/strong><\/p>\n<p><strong>\u2022 Pecho (catarros, congestiones, ect)<\/strong><\/p>\n<p><strong>\u2022 Alivio &#8211; altas temperaturas<\/strong><\/p>\n<p><strong>\u2022 Alivio &#8211; dolor de cabeza<\/strong><\/p>\n<p><strong>\u2022 Antibacterial<\/strong><\/p>\n<p><strong>\u2022 Antiinflamatorio<\/strong><\/p>\n<p><strong>\u2022 Antif\u00fangico<\/strong><\/p>\n<p><strong>\u2022 Repelente<\/strong><\/p>\n<p><strong>\u2022 Alto en antioxidantes<\/strong><\/p>\n<p><strong>\u2022 Algunas reacciones y condiciones de la piel<\/strong><\/p>\n<p><strong>\u2022 Digesti\u00f3n<\/strong><\/p>\n<p><strong>\u2022 Cerebro<\/strong><\/p>\n<p><strong>Otro detalle\u2026 energ\u00e9ticamente lo mismo atrae que protege. \u00a1Bendici\u00f3n abuela! Mami, gracias por todos los sobitos sanadores con tanto amor, me inspiraron para esta creaci\u00f3n.<\/strong><\/p>\n","protected":false},"excerpt":{"rendered":"<p>Un Malagueta + Oregano brujo + Romero Alcoholadito ~ nuestra versi\u00f3n del alcoholado tradicional hecho por nuestras abuelas pero mucho m\u00e1s potente, concentrado y una de las razones por la cual decidimos envasarlo en una botellita peque\u00f1a de 2oz con atomizador aka \u201cmist\u201d. Tambi\u00e9n por la versatilidad de su uso y la comodidad de tenerlo [&hellip;]<\/p>\n","protected":false},"featured_media":411,"comment_status":"open","ping_status":"closed","template":"","meta":[],"product_brand":[],"product_cat":[15],"product_tag":[],"class_list":{"0":"post-415","1":"product","2":"type-product","3":"status-publish","4":"has-post-thumbnail","6":"product_cat-uncategorized","8":"first","9":"instock","10":"shipping-taxable","11":"purchasable","12":"product-type-simple"},"jetpack_sharing_enabled":true,"_links":{"self":[{"href":"https:\/\/apothecaviva.love\/index.php\/wp-json\/wp\/v2\/product\/415","targetHints":{"allow":["GET"]}}],"collection":[{"href":"https:\/\/apothecaviva.love\/index.php\/wp-json\/wp\/v2\/product"}],"about":[{"href":"https:\/\/apothecaviva.love\/index.php\/wp-json\/wp\/v2\/types\/product"}],"replies":[{"embeddable":true,"href":"https:\/\/apothecaviva.love\/index.php\/wp-json\/wp\/v2\/comments?post=415"}],"wp:featuredmedia":[{"embeddable":true,"href":"https:\/\/apothecaviva.love\/index.php\/wp-json\/wp\/v2\/media\/411"}],"wp:attachment":[{"href":"https:\/\/apothecaviva.love\/index.php\/wp-json\/wp\/v2\/media?parent=415"}],"wp:term":[{"taxonomy":"product_brand","embeddable":true,"href":"https:\/\/apothecaviva.love\/index.php\/wp-json\/wp\/v2\/product_brand?post=415"},{"taxonomy":"product_cat","embeddable":true,"href":"https:\/\/apothecaviva.love\/index.php\/wp-json\/wp\/v2\/product_cat?post=415"},{"taxonomy":"product_tag","embeddable":true,"href":"https:\/\/apothecaviva.love\/index.php\/wp-json\/wp\/v2\/product_tag?post=415"}],"curies":[{"name":"wp","href":"https:\/\/api.w.org\/{rel}","templated":true}]}}